{"id":278,"date":"2014-10-03T13:54:21","date_gmt":"2014-10-03T11:54:21","guid":{"rendered":"http:\/\/www.uikz.org\/wp\/?page_id=278"},"modified":"2020-05-06T16:00:10","modified_gmt":"2020-05-06T14:00:10","slug":"ueber-uns","status":"publish","type":"page","link":"https:\/\/www.uikz.org\/wp\/ueber-uns\/","title":{"rendered":"\u00dcber die Union Islamischer Kulturzentren"},"content":{"rendered":"<section class=\"section  text-normal section-text-no-shadow section-inner-no-shadow section-normal section-opaque\" >\n    \n    <div class=\"background-overlay grid-overlay-0 \" style=\"background-color: rgba(53,59,66,0);\"><\/div>\n\n    <div class=\"container container-vertical-default\">\n        <div class=\"row vertical-default\">\n            <div class=\"col-md-12     text-default small-screen-default\"  ><div class=\"row \"><div class=\"col-md-6     text-default small-screen-default\"  ><h1 class=\"text-left  element-top-50 element-bottom-0 text-normal os-animation bigger hairline\" data-os-animation=\"fadeIn\" data-os-animation-delay=\"0s\" >\n    1981<\/h1><ul class=\"features-list  text-normal element-top-no-top element-bottom-no-bottom\" data-os-animation=\"none\" data-os-animation-delay=\"0s\">\n    <li class=\" element-top-0 element-bottom-0 os-animation\" style=\"padding-left:0px;\" data-os-animation=\"fadeInRight\" data-os-animation-delay=\"0s\">\n        <h3>\n        Gr\u00fcndung    <\/h3>\n    <p>\n        Die Union Islamischer Kulturzentren in \u00d6sterreich wurde im Jahr 1981 in Wien gegr\u00fcndet. Die Gr\u00fcndung beruhte auf Bed\u00fcrfnisse von Muslimen innerhalb unserer Republik \u00d6sterreich. Alle Muslime w\u00fcnschten sich damals Orte der gemeinsamen Religionsaus\u00fcbung bei Gebetszeiten, an religi\u00f6sen Feiertagen und wichtigen religi\u00f6sen Anl\u00e4ssen. Diese wichtige Aufgabe \u00fcbernahmen Muslime, die in \u00d6sterreich als Gastarbeiter t\u00e4tig waren und er\u00f6ffneten die erste Gebetsst\u00e4tte der Union im 7. Bezirk.     <\/p>\n<\/li><li class=\" element-top-0 element-bottom-0 os-animation\" style=\"padding-left:0px;\" data-os-animation=\"fadeInRight\" data-os-animation-delay=\"0s\">\n        <h3>\n        Ziele    <\/h3>\n    <p>\n        Die Ziele der Union, die sich in den fast 40 Jahren Ihres Bestehens nie ge\u00e4ndert haben, sind vor allem folgende:<br \/>\n\u2022 Pflege und Vermittlung der Religion<br \/>\n\u2022 Verk\u00fcndung und Wahrung der islamischen Werte<br \/>\n\u2022 Betreuung der Muslime in \u00d6sterreich<br \/>\n\u2022 Vermittlung von religi\u00f6sem Wissen<br \/>\n\u2022 Einsatz zum Wohle der \u00f6sterreichischen Gesellschaft    <\/p>\n<\/li><\/ul><\/div><div class=\"col-md-6     text-default small-screen-default\"  ><div class=\"figure element-top-50 element-bottom-0  \" data-os-animation=\"none\" data-os-animation-delay=\"0.3s\">\n            <a href=\"https:\/\/i2.wp.com\/www.uikz.org\/wp\/wp-content\/uploads\/2019\/07\/shutterstock_388306378-e1586519823922.jpg?fit=600%2C452&#038;ssl=1\" class=\"figure-image magnific\" target=\"_self\">\n        <img width=\"600\" height=\"452\" src=\"https:\/\/i2.wp.com\/www.uikz.org\/wp\/wp-content\/uploads\/2019\/07\/shutterstock_388306378-e1586519823922.jpg?fit=600%2C452&amp;ssl=1\" class=\"attachment-full size-full\" alt=\"\" loading=\"lazy\" srcset=\"https:\/\/i2.wp.com\/www.uikz.org\/wp\/wp-content\/uploads\/2019\/07\/shutterstock_388306378-e1586519823922.jpg?w=600&amp;ssl=1 600w, https:\/\/i2.wp.com\/www.uikz.org\/wp\/wp-content\/uploads\/2019\/07\/shutterstock_388306378-e1586519823922.jpg?resize=300%2C226&amp;ssl=1 300w, https:\/\/i2.wp.com\/www.uikz.org\/wp\/wp-content\/uploads\/2019\/07\/shutterstock_388306378-e1586519823922.jpg?resize=250%2C188&amp;ssl=1 250w\" sizes=\"(max-width: 600px) 100vw, 600px\" \/>            <\/a>\n    <\/div>\n<\/div><\/div><\/div>        <\/div>\n    <\/div>\n<\/section><section class=\"section  text-normal section-text-no-shadow section-inner-no-shadow section-normal section-opaque\" >\n    \n    <div class=\"background-overlay grid-overlay-0 \" style=\"background-color: rgba(53,59,66,0);\"><\/div>\n\n    <div class=\"container container-vertical-default\">\n        <div class=\"row vertical-default\">\n            <div class=\"col-md-12     text-default small-screen-default\"  ><div class=\"row \"><div class=\"col-md-6     text-default small-screen-default\"  ><div class=\"figure element-top-70 element-bottom-20  \" data-os-animation=\"none\" data-os-animation-delay=\"0s\">\n            <a href=\"https:\/\/i2.wp.com\/www.uikz.org\/wp\/wp-content\/uploads\/2019\/07\/shutterstock_1042772203-e1586520114105.jpg?fit=600%2C413&#038;ssl=1\" class=\"figure-image magnific\" target=\"_self\">\n        <img width=\"600\" height=\"413\" src=\"https:\/\/i2.wp.com\/www.uikz.org\/wp\/wp-content\/uploads\/2019\/07\/shutterstock_1042772203-e1586520114105.jpg?fit=600%2C413&amp;ssl=1\" class=\"attachment-full size-full\" alt=\"\" loading=\"lazy\" srcset=\"https:\/\/i2.wp.com\/www.uikz.org\/wp\/wp-content\/uploads\/2019\/07\/shutterstock_1042772203-e1586520114105.jpg?w=600&amp;ssl=1 600w, https:\/\/i2.wp.com\/www.uikz.org\/wp\/wp-content\/uploads\/2019\/07\/shutterstock_1042772203-e1586520114105.jpg?resize=300%2C207&amp;ssl=1 300w, https:\/\/i2.wp.com\/www.uikz.org\/wp\/wp-content\/uploads\/2019\/07\/shutterstock_1042772203-e1586520114105.jpg?resize=250%2C172&amp;ssl=1 250w\" sizes=\"(max-width: 600px) 100vw, 600px\" \/>            <\/a>\n    <\/div>\n<\/div><div class=\"col-md-6     text-default small-screen-default\"  ><h1 class=\"text-left  element-top-50 element-bottom-0 text-normal bigger hairline\" data-os-animation=\"none\" data-os-animation-delay=\"0s\" >\n    2011<\/h1><ul class=\"features-list  text-normal element-top-no-top element-bottom-no-bottom\" data-os-animation=\"none\" data-os-animation-delay=\"0s\">\n    <li class=\" element-top-0 element-bottom-0 os-animation\" style=\"padding-left:0px;\" data-os-animation=\"fadeInRight\" data-os-animation-delay=\"0s\">\n        <h3>\n        Zweigstellenbildung    <\/h3>\n    <p>\n        Ab 1981 wurden in ganz \u00d6sterreich Zweigstellen gegr\u00fcndet, damit man die Mitglieder auch vor Ort betreuen konnte.<\/p>\n<p>Da die Aufgaben und Verantwortungen der Union wuchsen, wurde in der Generalversammlung im Jahr 2011 die Dezentralisierung beschlossen. Die Absicht war, effizientere und effektivere Arbeiten in den Gemeinden zu leisten. Die Zweigstellen wurden in eigenst\u00e4ndige juristische Personen umgewandelt.     <\/p>\n<\/li><\/ul><blockquote class=\" text-left text-normal element-top-20 element-bottom-20\" data-os-animation=\"none\" data-os-animation-delay=\"0s\">\n    <p>Der beste Mensch ist derjenige, der anderen Menschen n\u00fctzlich ist.\u201c (Hadis)<\/p>\n\t\t\t<footer>Muhammed (a.s)<\/footer>\n\t<\/blockquote><\/div><\/div><\/div>        <\/div>\n    <\/div>\n<\/section><section class=\"section  text-normal section-text-no-shadow section-inner-no-shadow section-normal section-opaque\" >\n    \n    <div class=\"background-overlay grid-overlay-0 \" style=\"background-color: rgba(53,59,66,0);\"><\/div>\n\n    <div class=\"container container-vertical-default\">\n        <div class=\"row vertical-default\">\n            <div class=\"col-md-12     text-default small-screen-default\"  ><div class=\"row \"><div class=\"col-md-6     text-default small-screen-default\"  ><h1 class=\"text-left  element-top-50 element-bottom-0 text-normal os-animation bigger hairline\" data-os-animation=\"fadeIn\" data-os-animation-delay=\"0s\" >\n    2015<\/h1><ul class=\"features-list  text-normal element-top-no-top element-bottom-no-bottom\" data-os-animation=\"none\" data-os-animation-delay=\"0s\">\n    <li class=\" element-top-0 element-bottom-0 os-animation\" style=\"padding-left:0px;\" data-os-animation=\"fadeInRight\" data-os-animation-delay=\"0s\">\n        <h3>\n        Islamgesetz    <\/h3>\n    <p>\n        Das Jahr 2015 war f\u00fcr alle Muslime in \u00d6sterreich ein besonderes Jahr, weil das novellierte Islamgesetz in Kraft getreten war und interessante und spannende Herausforderungen f\u00fcr Muslime entstanden sind.    <\/p>\n<\/li><li class=\" element-top-0 element-bottom-0 os-animation\" style=\"padding-left:0px;\" data-os-animation=\"fadeInRight\" data-os-animation-delay=\"0s\">\n        <h3>\n            <\/h3>\n    <p>\n        Die Union ist geleitet von der \u00dcberzeugung, dem Islam zu dienen, einig darin, die Bundesverfassung der Republik \u00d6sterreich und die \u00f6sterreichischen Gesetze als Teil der IGG\u00d6 unter Wahrung der Eigenst\u00e4ndigkeit und der Zwecke lt. Statut zu achten, und in der Absicht, die religi\u00f6sen Belange der Muslime in \u00d6sterreich, insbesondere jener der eigenen Mitglieder auf Grundlage des in der \u00f6sterreichischen Bundesverfassung garantierten Rechts auf autonome und eigenst\u00e4ndige Regelung der inneren Angelegenheiten von Religionsgemeinschaften zu vertreten und sich zum Wohle der \u00f6sterreichischen Gesellschaft einzusetzen.    <\/p>\n<\/li><\/ul><\/div><div class=\"col-md-6     text-default small-screen-center\"  ><div class=\"figure element-top-50 element-bottom-0   os-animation\" data-os-animation=\"fadeInLeft\" data-os-animation-delay=\"0.3s\">\n            <a href=\"https:\/\/i2.wp.com\/www.uikz.org\/wp\/wp-content\/uploads\/2019\/07\/shutterstock_1092254219-e1586520264708.jpg?fit=600%2C401&#038;ssl=1\" class=\"figure-image magnific\" target=\"_self\">\n        <img width=\"600\" height=\"401\" src=\"https:\/\/i2.wp.com\/www.uikz.org\/wp\/wp-content\/uploads\/2019\/07\/shutterstock_1092254219-e1586520264708.jpg?fit=600%2C401&amp;ssl=1\" class=\"attachment-full size-full\" alt=\"\" loading=\"lazy\" srcset=\"https:\/\/i2.wp.com\/www.uikz.org\/wp\/wp-content\/uploads\/2019\/07\/shutterstock_1092254219-e1586520264708.jpg?w=600&amp;ssl=1 600w, https:\/\/i2.wp.com\/www.uikz.org\/wp\/wp-content\/uploads\/2019\/07\/shutterstock_1092254219-e1586520264708.jpg?resize=300%2C200&amp;ssl=1 300w, https:\/\/i2.wp.com\/www.uikz.org\/wp\/wp-content\/uploads\/2019\/07\/shutterstock_1092254219-e1586520264708.jpg?resize=250%2C167&amp;ssl=1 250w\" sizes=\"(max-width: 600px) 100vw, 600px\" \/>            <\/a>\n    <\/div>\n<\/div><\/div><\/div>        <\/div>\n    <\/div>\n<\/section>\n","protected":false},"excerpt":{"rendered":"1981 Gr\u00fcndung Die Union Islamischer Kulturzentren in \u00d6sterreich wurde im Jahr 1981 in Wien gegr\u00fcndet. Die Gr\u00fcndung beruhte auf Bed\u00fcrfnisse von Muslimen innerhalb unserer Republik \u00d6sterreich. Alle Muslime w\u00fcnschten sich damals Orte der gemeinsamen Religionsaus\u00fcbung bei Gebetszeiten, an religi\u00f6sen Feiertagen und wichtigen religi\u00f6sen Anl\u00e4ssen. Diese wichtige Aufgabe \u00fcbernahmen Muslime, die in \u00d6sterreich als Gastarbeiter t\u00e4tig","protected":false},"author":1,"featured_media":0,"parent":0,"menu_order":0,"comment_status":"open","ping_status":"closed","template":"","meta":{"spay_email":""},"_links":{"self":[{"href":"https:\/\/www.uikz.org\/wp\/wp-json\/wp\/v2\/pages\/278"}],"collection":[{"href":"https:\/\/www.uikz.org\/wp\/wp-json\/wp\/v2\/pages"}],"about":[{"href":"https:\/\/www.uikz.org\/wp\/wp-json\/wp\/v2\/types\/page"}],"author":[{"embeddable":true,"href":"https:\/\/www.uikz.org\/wp\/wp-json\/wp\/v2\/users\/1"}],"replies":[{"embeddable":true,"href":"https:\/\/www.uikz.org\/wp\/wp-json\/wp\/v2\/comments?post=278"}],"version-history":[{"count":63,"href":"https:\/\/www.uikz.org\/wp\/wp-json\/wp\/v2\/pages\/278\/revisions"}],"predecessor-version":[{"id":2139,"href":"https:\/\/www.uikz.org\/wp\/wp-json\/wp\/v2\/pages\/278\/revisions\/2139"}],"wp:attachment":[{"href":"https:\/\/www.uikz.org\/wp\/wp-json\/wp\/v2\/media?parent=278"}],"curies":[{"name":"wp","href":"https:\/\/api.w.org\/{rel}","templated":true}]}}