{"id":1889,"date":"2020-04-20T18:04:16","date_gmt":"2020-04-20T16:04:16","guid":{"rendered":"https:\/\/www.uikz.org\/wp\/?page_id=1889"},"modified":"2020-05-06T16:31:30","modified_gmt":"2020-05-06T14:31:30","slug":"behandlung-verstorbene","status":"publish","type":"page","link":"https:\/\/www.uikz.org\/wp\/behandlung-verstorbene\/","title":{"rendered":"Behandlung von Verstorbenen"},"content":{"rendered":"<section class=\"section  text-normal section-text-shadow section-inner-shadow section-normal section-opaque\" >\n    \n    <div class=\"background-overlay grid-overlay-0 \" style=\"background-color: rgba(255,255,255,0);\"><\/div>\n\n    <div class=\"container container-vertical-default\">\n        <div class=\"row vertical-default\">\n            <div class=\"col-md-12     text-center small-screen-default\"  ><h1 class=\"text-center  element-top-0 element-bottom-0 text-normal os-animation bigger hairline\" data-os-animation=\"fadeInDown\" data-os-animation-delay=\"0s\" >\n    BEHANDLUNG VON VERSTORBENEN<\/h1><\/div>        <\/div>\n    <\/div>\n<\/section><section class=\"section  text-normal section-text-no-shadow section-inner-no-shadow section-normal section-opaque\" >\n    \n    <div class=\"background-overlay grid-overlay-0 \" style=\"background-color: rgba(0,0,0,0);\"><\/div>\n\n    <div class=\"container container-vertical-default\">\n        <div class=\"row vertical-default\">\n            <div class=\"col-md-10     text-default small-screen-default\"  ><div class=\"col-text-2 text-normal  element-top-20 element-bottom-20\" data-os-animation=\"none\" data-os-animation-delay=\"0s\">\n    <p>Ein Muslim, der im Sterbebett liegt, wird auf seine rechte Seite gelegt, so dass sein Gesicht in die Gebetsrichtung (K\u0131ble) blickt. Daraufhin spricht man in seiner Gegenwart die Kelime-i \u015eeh\u00e2det (Glaubensbekenntnis) und rezitiert die S\u00fbre Y\u00e2sin aus dem Kur\u2019\u00e2n-\u0131 Ker\u00eem.<\/p>\n<p>Wenn jemand schon verstorben ist, legt man ihn auf den R\u00fccken, bindet seinen Kiefer mit einem Tuch fest und schlie\u00dft ihm die Augen. Die Arme sind an die Seite neben dem K\u00f6rper zu legen. Danach legt man ein schweres Metallst\u00fcck auf seinen Bauch, damit er nicht anschwillt. Solange der Tote nicht gewaschen ist, wird in seiner Gegenwart nichts aus dem <strong>Kur\u2018\u00e2n<\/strong> vorgetragen.<\/p>\n<p>Der Leichnam wird nach islamischem Ritus auf der Leichenwaschbank (Tene\u015fir) gewaschen und anschlie\u00dfend in das Leichentuch (Kefen) eingewickelt.<\/p>\n<p>Das Totengebet (<strong>SALATU\u2019L-DSCHENAZE<\/strong>) f\u00fcr unsere verstorbenen Glaubens\u00adgeschwister ist Farz-\u0131 Kif\u00e2ye (kollektives Pflichtgebet). Mit Anwesenheit des Leichnams vor dem Im\u00e2m und der Cem\u00e2at (Gemeinschaft) wird das Gebet verrichtet.<\/p>\n<\/div>\n<\/div><div class=\"col-md-2     text-default small-screen-default\"  ><div class=\" text-normal element-top-20 element-bottom-20 text-center\" data-os-animation=\"none\" data-os-animation-delay=\"0s\">\n                    <div class=\"box box-round box-big box-simple\">\n            <div class=\"box-dummy\"><\/div>\n                            <a class=\"box-inner grid-overlay-0\" href=\"https:\/\/www.uikz.org\/wp\/our-services\/bestattungshilfe\/\" target=\"_self\">\n                        <div class=\"box-animate\" data-animation=\"bounce\">\n                                    <img width=\"600\" height=\"600\" src=\"https:\/\/i1.wp.com\/www.uikz.org\/wp\/wp-content\/uploads\/2019\/07\/shutterstock_1060188083-e1586541058522.jpg?resize=600%2C600&amp;ssl=1\" class=\"attachment-square-image size-square-image\" alt=\"Bestattungshilfe\" loading=\"lazy\" srcset=\"https:\/\/i1.wp.com\/www.uikz.org\/wp\/wp-content\/uploads\/2019\/07\/shutterstock_1060188083-e1586541058522.jpg?zoom=2&amp;resize=600%2C600&amp;ssl=1 1200w, https:\/\/i1.wp.com\/www.uikz.org\/wp\/wp-content\/uploads\/2019\/07\/shutterstock_1060188083-e1586541058522.jpg?zoom=3&amp;resize=600%2C600&amp;ssl=1 1800w\" sizes=\"(max-width: 600px) 100vw, 600px\" \/>                            <\/div>\n                            <\/a>\n                    <\/div>\n                        <h3>\n                            <a href=\"https:\/\/www.uikz.org\/wp\/our-services\/bestattungshilfe\/\" target=\"_self\">\n                        Bestattungshilfe                            <\/a>\n                    <\/h3>\n                <p>Mo-Fr\u00a0 9-16 Uhr email bestattunghilfe@uikz.org<\/p>\n        <\/div><\/div>        <\/div>\n    <\/div>\n<\/section><section class=\"section  text-normal section-text-no-shadow section-inner-no-shadow section-normal section-opaque\" >\n    \n    <div class=\"background-overlay grid-overlay-0 \" style=\"background-color: rgba(0,0,0,0);\"><\/div>\n\n    <div class=\"container container-vertical-default\">\n        <div class=\"row vertical-default\">\n            <div class=\"col-md-12     text-default small-screen-default\"  ><hr class=\" element-top-20 element-bottom-20\" data-os-animation=\"none\" data-os-animation-delay=\"0s\"><div class=\"col-text-1 text-normal  element-top-20 element-bottom-20\" data-os-animation=\"none\" data-os-animation-delay=\"0s\">\n    <p><strong>GRABST\u00c4TTE UND BEISETZUNG (KABIR UND DEFIN) <\/strong><\/p>\n<p>Es ist S\u00fcnnet\/Sunna (islamisch-rechtlich verbindliche Gewohnheit des Propheten), nach Abhal\u00adtung des Totengebetes den Sarg an seinen vier Standkl\u00f6tzen anzuheben und hinwegzutragen.<\/p>\n<p>Die Frist f\u00fcr Beileidsbekundungen (t\u00e2ziye) betr\u00e4gt drei Tage. <strong>T\u00e2ziye und Beileidsbekundungen nach dem dritten Sterbetag sind mekruh.<\/strong><\/p>\n<\/div>\n<div class=\"col-text-1 text-normal  element-top-20 element-bottom-20\" data-os-animation=\"none\" data-os-animation-delay=\"0s\">\n    <p><em><strong>Literatur<\/strong>: Der Kleine Ilmihal, Fazilet Ne\u015friyat<\/em><\/p>\n<\/div>\n<hr class=\" element-top-20 element-bottom-20\" data-os-animation=\"none\" data-os-animation-delay=\"0s\"><\/div>        <\/div>\n    <\/div>\n<\/section><section class=\"section  text-normal section-text-no-shadow section-inner-no-shadow section-normal section-opaque\" >\n    \n    <div class=\"background-overlay grid-overlay-0 \" style=\"background-color: rgba(0,0,0,0);\"><\/div>\n\n    <div class=\"container container-vertical-default\">\n        <div class=\"row vertical-default\">\n            <div class=\"col-md-12     text-default small-screen-default\"  ><\/div>        <\/div>\n    <\/div>\n<\/section>\n","protected":false},"excerpt":{"rendered":"Herr Ing. Yunus Emre Tel +43 660 983 1295 Hodscha Efendi Kadir Et\u00fckoglu Notfall (24h) +43 699 12815303 Mo-Fr\u00a0 9-16 Uhr email bestattunghilfe@uikz.org Bestattungshilfe u. Mitgliederverwaltung Todesanzeigen Begr\u00e4bnishilfe Neu-Antr\u00e4ge Bestattungshilfe Auskunft","protected":false},"author":1,"featured_media":0,"parent":0,"menu_order":0,"comment_status":"closed","ping_status":"closed","template":"","meta":{"spay_email":""},"_links":{"self":[{"href":"https:\/\/www.uikz.org\/wp\/wp-json\/wp\/v2\/pages\/1889"}],"collection":[{"href":"https:\/\/www.uikz.org\/wp\/wp-json\/wp\/v2\/pages"}],"about":[{"href":"https:\/\/www.uikz.org\/wp\/wp-json\/wp\/v2\/types\/page"}],"author":[{"embeddable":true,"href":"https:\/\/www.uikz.org\/wp\/wp-json\/wp\/v2\/users\/1"}],"replies":[{"embeddable":true,"href":"https:\/\/www.uikz.org\/wp\/wp-json\/wp\/v2\/comments?post=1889"}],"version-history":[{"count":6,"href":"https:\/\/www.uikz.org\/wp\/wp-json\/wp\/v2\/pages\/1889\/revisions"}],"predecessor-version":[{"id":2147,"href":"https:\/\/www.uikz.org\/wp\/wp-json\/wp\/v2\/pages\/1889\/revisions\/2147"}],"wp:attachment":[{"href":"https:\/\/www.uikz.org\/wp\/wp-json\/wp\/v2\/media?parent=1889"}],"curies":[{"name":"wp","href":"https:\/\/api.w.org\/{rel}","templated":true}]}}